{"id":135,"date":"2022-04-17T13:18:58","date_gmt":"2022-04-17T13:18:58","guid":{"rendered":"http:\/\/clubofdigital.com\/masrya\/?page_id=135"},"modified":"2022-07-19T18:35:52","modified_gmt":"2022-07-19T18:35:52","slug":"about","status":"publish","type":"page","link":"https:\/\/elmasrya-iec.com\/fr\/about\/","title":{"rendered":"About"},"content":{"rendered":"\t\t<div data-elementor-type=\"wp-page\" data-elementor-id=\"135\" class=\"elementor elementor-135\" data-elementor-settings=\"[]\">\n\t\t\t\t\t\t\t<div class=\"elementor-section-wrap\">\n\t\t\t\t\t\t\t<section class=\"elementor-section elementor-top-section elementor-element elementor-element-4017aa1 elementor-section-stretched elementor-section-boxed elementor-section-height-default elementor-section-height-default\" data-id=\"4017aa1\" data-element_type=\"section\" data-settings=\"{&quot;stretch_section&quot;:&quot;section-stretched&quot;,&quot;background_background&quot;:&quot;classic&quot;}\">\n\t\t\t\t\t\t\t<div class=\"elementor-background-overlay\"><\/div>\n\t\t\t\t\t\t\t<div class=\"elementor-container elementor-column-gap-default\">\n\t\t\t\t\t<div class=\"elementor-column elementor-col-100 elementor-top-column elementor-element elementor-element-cd2b534\" data-id=\"cd2b534\" data-element_type=\"column\">\n\t\t\t<div class=\"elementor-widget-wrap elementor-element-populated\">\n\t\t\t\t\t\t\t\t<div class=\"elementor-element elementor-element-266ba83 elementor-widget elementor-widget-heading\" data-id=\"266ba83\" data-element_type=\"widget\" data-widget_type=\"heading.default\">\n\t\t\t\t<div class=\"elementor-widget-container\">\n\t\t\t<h2 class=\"elementor-heading-title elementor-size-default\">\u00c0 propos de nous\n<\/h2>\t\t<\/div>\n\t\t\t\t<\/div>\n\t\t\t\t<div class=\"elementor-element elementor-element-0a8b25e elementor-widget elementor-widget-text-editor\" data-id=\"0a8b25e\" data-element_type=\"widget\" data-widget_type=\"text-editor.default\">\n\t\t\t\t<div class=\"elementor-widget-container\">\n\t\t\t\t\t\t\tNous accompagnons nos clients \u00e0 chaque \u00e9tape du processus d&#8217;am\u00e9lioration de l&#8217;entreprise.\t\t\t\t\t\t<\/div>\n\t\t\t\t<\/div>\n\t\t\t\t\t<\/div>\n\t\t<\/div>\n\t\t\t\t\t\t\t<\/div>\n\t\t<\/section>\n\t\t\t\t<section class=\"elementor-section elementor-top-section elementor-element elementor-element-89778e7 elementor-section-stretched elementor-section-boxed elementor-section-height-default elementor-section-height-default\" data-id=\"89778e7\" data-element_type=\"section\" data-settings=\"{&quot;stretch_section&quot;:&quot;section-stretched&quot;}\">\n\t\t\t\t\t\t<div class=\"elementor-container elementor-column-gap-default\">\n\t\t\t\t\t<div class=\"elementor-column elementor-col-100 elementor-top-column elementor-element elementor-element-76a1eec\" data-id=\"76a1eec\" data-element_type=\"column\">\n\t\t\t<div class=\"elementor-widget-wrap elementor-element-populated\">\n\t\t\t\t\t\t\t\t<section class=\"elementor-section elementor-inner-section elementor-element elementor-element-28a29aa elementor-section-content-middle elementor-section-boxed elementor-section-height-default elementor-section-height-default\" data-id=\"28a29aa\" data-element_type=\"section\">\n\t\t\t\t\t\t<div class=\"elementor-container elementor-column-gap-default\">\n\t\t\t\t\t<div class=\"elementor-column elementor-col-50 elementor-inner-column elementor-element elementor-element-c34ad80\" data-id=\"c34ad80\" data-element_type=\"column\">\n\t\t\t<div class=\"elementor-widget-wrap elementor-element-populated\">\n\t\t\t\t\t\t\t\t<div class=\"elementor-element elementor-element-439beab elementor-widget elementor-widget-heading\" data-id=\"439beab\" data-element_type=\"widget\" data-widget_type=\"heading.default\">\n\t\t\t\t<div class=\"elementor-widget-container\">\n\t\t\t<h2 class=\"elementor-heading-title elementor-size-default\">NOTRE ENTREPRISE\n<\/h2>\t\t<\/div>\n\t\t\t\t<\/div>\n\t\t\t\t<div class=\"elementor-element elementor-element-79bcd1f elementor-widget elementor-widget-text-editor\" data-id=\"79bcd1f\" data-element_type=\"widget\" data-widget_type=\"text-editor.default\">\n\t\t\t\t<div class=\"elementor-widget-container\">\n\t\t\t\t\t\t\tNous avons une fa\u00e7on unique de travailler \u00e0 El Masrya. C&#8217;est notre syst\u00e8me d&#8217;exploitation d&#8217;\u00e9quipe et c&#8217;est le guide pour accomplir notre mission de mani\u00e8re efficace et productive. Les huit principes de notre syst\u00e8me d&#8217;exploitation fournissent le cadre de notre fa\u00e7on de travailler ensemble, de l&#8217;organisation des \u00e9quipes, de la fa\u00e7on dont nous prenons des d\u00e9cisions, de ce que l&#8217;on attend de nos dirigeants et de ce qui est vraiment important pour nous en tant qu&#8217;entreprise. Pour un aper\u00e7u de notre syst\u00e8me d&#8217;exploitation et de notre fa\u00e7on de travailler, regardez notre vid\u00e9o.\t\t\t\t\t\t<\/div>\n\t\t\t\t<\/div>\n\t\t\t\t<div class=\"elementor-element elementor-element-1ff8f1d elementor-widget elementor-widget-ucaddon_underline_link_hover_effect\" data-id=\"1ff8f1d\" data-element_type=\"widget\" data-widget_type=\"ucaddon_underline_link_hover_effect.default\">\n\t\t\t\t<div class=\"elementor-widget-container\">\n\t\t\t<!-- start Underline Link Hover Effect -->\n\t\t<link id='font-awesome-css' href='https:\/\/elmasrya-iec.com\/fr\/wp-content\/plugins\/unlimited-elements-for-elementor-premium\/assets_libraries\/font-awesome5\/css\/fontawesome-all.min.css' type='text\/css' rel='stylesheet' >\n\t\t<link id='font-awesome-4-shim-css' href='https:\/\/elmasrya-iec.com\/fr\/wp-content\/plugins\/unlimited-elements-for-elementor-premium\/assets_libraries\/font-awesome5\/css\/fontawesome-v4-shims.css' type='text\/css' rel='stylesheet' >\n\n\t\t\t<style type=\"text\/css\">\/* widget: Underline Link Hover Effect *\/\n\n#uc_underline_link_hover_effect_elementor17805\n{\n  display:flex;\n} \n\n#uc_underline_link_hover_effect_elementor17805 a.ue-link\n{\n  display:flex;\n  position:relative;\n  align-items:center;\n  justify-content:center;\n  text-decoration:none;\n}\n\n#uc_underline_link_hover_effect_elementor17805 a.ue-link:after\n{\n  content: \"\";\n  width:100%;\n  position:absolute;\n  bottom:0px;\n  left:0px;\n  display: block;\n  transition:1s;\n}\n\n#uc_underline_link_hover_effect_elementor17805 a:hover:after\n{\n  width:0%;\n}\n\n#uc_underline_link_hover_effect_elementor17805 .ue-link-hover-effect-spacing\n{\n  width:15px;\n  transition:1s;\n}\n\n#uc_underline_link_hover_effect_elementor17805 a:hover .ue-link-hover-effect-spacing\n{\n  width:30px;\n}\n\n#uc_underline_link_hover_effect_elementor17805 .ue-link-hover-effect-text\n{\n  padding:10px 0px;\n}\n\n#uc_underline_link_hover_effect_elementor17805 .ue-link-hover-effect-icon\n{\n  line-height:1em;\n}\n\n#uc_underline_link_hover_effect_elementor17805 .ue-link-hover-effect-icon svg\n{\n  height:1em;\n  width:1em;\n}\n\n<\/style>\n\n\t\t\t<div id=\"uc_underline_link_hover_effect_elementor17805\" class=\"ue-link-wrap\">\n<a class=\"ue-link\" href=\"https:\/\/www.linkedin.com\/company\/el-masrya-iec\/jobs\/?viewAsMember=true\" >\n  <div class=\"ue-link-hover-effect-text\">Explorez les emplois et postulez<\/div>\n  <div class=\"ue-link-hover-effect-spacing\"><\/div>\n  <div class=\"ue-link-hover-effect-icon\"><i class='fas fa-arrow-right'><\/i><\/div>\n<\/a>\n<\/div>\n\t\t\t<!-- end Underline Link Hover Effect -->\t\t<\/div>\n\t\t\t\t<\/div>\n\t\t\t\t\t<\/div>\n\t\t<\/div>\n\t\t\t\t<div class=\"elementor-column elementor-col-50 elementor-inner-column elementor-element elementor-element-9f55b8e\" data-id=\"9f55b8e\" data-element_type=\"column\">\n\t\t\t<div class=\"elementor-widget-wrap elementor-element-populated\">\n\t\t\t\t\t\t\t\t<div class=\"elementor-element elementor-element-a4c2827 elementor-aspect-ratio-169 elementor-widget elementor-widget-video\" data-id=\"a4c2827\" data-element_type=\"widget\" data-settings=\"{&quot;youtube_url&quot;:&quot;https:\\\/\\\/www.youtube.com\\\/watch?v=s6f1Z7IFehw&quot;,&quot;autoplay&quot;:&quot;yes&quot;,&quot;loop&quot;:&quot;yes&quot;,&quot;video_type&quot;:&quot;youtube&quot;,&quot;controls&quot;:&quot;yes&quot;,&quot;aspect_ratio&quot;:&quot;169&quot;}\" data-widget_type=\"video.default\">\n\t\t\t\t<div class=\"elementor-widget-container\">\n\t\t\t\t\t<div class=\"elementor-wrapper elementor-fit-aspect-ratio elementor-open-inline\">\n\t\t\t<div class=\"elementor-video\"><\/div>\t\t<\/div>\n\t\t\t\t<\/div>\n\t\t\t\t<\/div>\n\t\t\t\t\t<\/div>\n\t\t<\/div>\n\t\t\t\t\t\t\t<\/div>\n\t\t<\/section>\n\t\t\t\t<section class=\"elementor-section elementor-inner-section elementor-element elementor-element-526a6c0 elementor-section-boxed elementor-section-height-default elementor-section-height-default\" data-id=\"526a6c0\" data-element_type=\"section\">\n\t\t\t\t\t\t<div class=\"elementor-container elementor-column-gap-default\">\n\t\t\t\t\t<div class=\"elementor-column elementor-col-50 elementor-inner-column elementor-element elementor-element-c9a53be\" data-id=\"c9a53be\" data-element_type=\"column\">\n\t\t\t<div class=\"elementor-widget-wrap elementor-element-populated\">\n\t\t\t\t\t\t\t\t<div class=\"elementor-element elementor-element-42b9d6f elementor-widget elementor-widget-heading\" data-id=\"42b9d6f\" data-element_type=\"widget\" data-widget_type=\"heading.default\">\n\t\t\t\t<div class=\"elementor-widget-container\">\n\t\t\t<h2 class=\"elementor-heading-title elementor-size-default\">LA VISION\n<\/h2>\t\t<\/div>\n\t\t\t\t<\/div>\n\t\t\t\t<div class=\"elementor-element elementor-element-365b3eb elementor-widget elementor-widget-text-editor\" data-id=\"365b3eb\" data-element_type=\"widget\" data-widget_type=\"text-editor.default\">\n\t\t\t\t<div class=\"elementor-widget-container\">\n\t\t\t\t\t\t\tNotre vision est de positionner El Masreya en tant que fournisseur num\u00e9ro un de produits p\u00e9troliers et gaziers en Afrique et dans la r\u00e9gion MENRencontrer les clients et les clients avec leurs besoins pour couvrir plus de march\u00e9s et ajouter de nouveaux avantages \u00e0 l&#8217;industrie.\n\t\t\t\t\t\t<\/div>\n\t\t\t\t<\/div>\n\t\t\t\t\t<\/div>\n\t\t<\/div>\n\t\t\t\t<div class=\"elementor-column elementor-col-50 elementor-inner-column elementor-element elementor-element-88d7e22\" data-id=\"88d7e22\" data-element_type=\"column\">\n\t\t\t<div class=\"elementor-widget-wrap elementor-element-populated\">\n\t\t\t\t\t\t\t\t<div class=\"elementor-element elementor-element-c7b1970 elementor-widget elementor-widget-heading\" data-id=\"c7b1970\" data-element_type=\"widget\" data-widget_type=\"heading.default\">\n\t\t\t\t<div class=\"elementor-widget-container\">\n\t\t\t<h2 class=\"elementor-heading-title elementor-size-default\">LA MISSION\n<\/h2>\t\t<\/div>\n\t\t\t\t<\/div>\n\t\t\t\t<div class=\"elementor-element elementor-element-e1708cb elementor-widget elementor-widget-text-editor\" data-id=\"e1708cb\" data-element_type=\"widget\" data-widget_type=\"text-editor.default\">\n\t\t\t\t<div class=\"elementor-widget-container\">\n\t\t\t\t\t\t\tNotre mission est de fournir \u00e0 notre client\u00e8le actuelle et \u00e0 nos futurs clients potentiels des produits de la meilleure qualit\u00e9 possible tout en pr\u00e9servant la valeur et les bons prix.\n\t\t\t\t\t\t<\/div>\n\t\t\t\t<\/div>\n\t\t\t\t\t<\/div>\n\t\t<\/div>\n\t\t\t\t\t\t\t<\/div>\n\t\t<\/section>\n\t\t\t\t\t<\/div>\n\t\t<\/div>\n\t\t\t\t\t\t\t<\/div>\n\t\t<\/section>\n\t\t\t\t<section class=\"elementor-section elementor-top-section elementor-element elementor-element-e9b4d64 elementor-section-stretched elementor-section-boxed elementor-section-height-default elementor-section-height-default elementor-invisible\" data-id=\"e9b4d64\" data-element_type=\"section\" data-settings=\"{&quot;stretch_section&quot;:&quot;section-stretched&quot;,&quot;background_background&quot;:&quot;classic&quot;,&quot;animation&quot;:&quot;fadeInUp&quot;}\">\n\t\t\t\t\t\t\t<div class=\"elementor-background-overlay\"><\/div>\n\t\t\t\t\t\t\t<div class=\"elementor-container elementor-column-gap-default\">\n\t\t\t\t\t<div class=\"elementor-column elementor-col-100 elementor-top-column elementor-element elementor-element-5f975aa\" data-id=\"5f975aa\" data-element_type=\"column\">\n\t\t\t<div class=\"elementor-widget-wrap elementor-element-populated\">\n\t\t\t\t\t\t\t\t<div class=\"elementor-element elementor-element-4ef747f elementor-widget elementor-widget-heading\" data-id=\"4ef747f\" data-element_type=\"widget\" data-widget_type=\"heading.default\">\n\t\t\t\t<div class=\"elementor-widget-container\">\n\t\t\t<h2 class=\"elementor-heading-title elementor-size-default\">Atteindre le succ\u00e8s\n<\/h2>\t\t<\/div>\n\t\t\t\t<\/div>\n\t\t\t\t<div class=\"elementor-element elementor-element-647044e elementor-widget elementor-widget-text-editor\" data-id=\"647044e\" data-element_type=\"widget\" data-widget_type=\"text-editor.default\">\n\t\t\t\t<div class=\"elementor-widget-container\">\n\t\t\t\t\t\t\tNous avons tout simplement fait du bon travail pour les clients\n\t\t\t\t\t\t<\/div>\n\t\t\t\t<\/div>\n\t\t\t\t\t<\/div>\n\t\t<\/div>\n\t\t\t\t\t\t\t<\/div>\n\t\t<\/section>\n\t\t\t\t<section class=\"elementor-section elementor-top-section elementor-element elementor-element-aad5fa5 elementor-section-stretched elementor-section-boxed elementor-section-height-default elementor-section-height-default elementor-invisible\" data-id=\"aad5fa5\" data-element_type=\"section\" data-settings=\"{&quot;stretch_section&quot;:&quot;section-stretched&quot;,&quot;animation&quot;:&quot;fadeInUp&quot;}\">\n\t\t\t\t\t\t<div class=\"elementor-container elementor-column-gap-default\">\n\t\t\t\t\t<div class=\"elementor-column elementor-col-100 elementor-top-column elementor-element elementor-element-130182b\" data-id=\"130182b\" data-element_type=\"column\">\n\t\t\t<div class=\"elementor-widget-wrap elementor-element-populated\">\n\t\t\t\t\t\t\t\t<div class=\"elementor-element elementor-element-1d16b54 elementor-widget elementor-widget-heading\" data-id=\"1d16b54\" data-element_type=\"widget\" data-widget_type=\"heading.default\">\n\t\t\t\t<div class=\"elementor-widget-container\">\n\t\t\t<h2 class=\"elementor-heading-title elementor-size-default\">\u00c9valu\u00e9 par nos partenaires de confiance\n<\/h2>\t\t<\/div>\n\t\t\t\t<\/div>\n\t\t\t\t<div class=\"elementor-element elementor-element-46ffd89 elementor-widget elementor-widget-text-editor\" data-id=\"46ffd89\" data-element_type=\"widget\" data-widget_type=\"text-editor.default\">\n\t\t\t\t<div class=\"elementor-widget-container\">\n\t\t\t\t\t\t\t<p>T\u00e2che parall\u00e8le comp\u00e9tente enti\u00e8rement recherch\u00e9e sur les donn\u00e9es et les am\u00e9liorations des processus d&#8217;entreprise. Acc\u00e9l\u00e9rez en collaboration des produits manufactur\u00e9s de qualit\u00e9 gr\u00e2ce \u00e0 des r\u00e9sultats ax\u00e9s sur le client.<\/p>\t\t\t\t\t\t<\/div>\n\t\t\t\t<\/div>\n\t\t\t\t<div class=\"elementor-element elementor-element-f7544d5 elementor-widget elementor-widget-image-carousel\" data-id=\"f7544d5\" data-element_type=\"widget\" data-settings=\"{&quot;slides_to_show&quot;:&quot;5&quot;,&quot;navigation&quot;:&quot;none&quot;,&quot;pause_on_hover&quot;:&quot;no&quot;,&quot;pause_on_interaction&quot;:&quot;no&quot;,&quot;autoplay_speed&quot;:2500,&quot;image_spacing_custom&quot;:{&quot;unit&quot;:&quot;px&quot;,&quot;size&quot;:30,&quot;sizes&quot;:[]},&quot;slides_to_show_mobile&quot;:&quot;3&quot;,&quot;autoplay&quot;:&quot;yes&quot;,&quot;infinite&quot;:&quot;yes&quot;,&quot;speed&quot;:500}\" data-widget_type=\"image-carousel.default\">\n\t\t\t\t<div class=\"elementor-widget-container\">\n\t\t\t\t\t<div class=\"elementor-image-carousel-wrapper swiper-container\" dir=\"ltr\">\n\t\t\t<div class=\"elementor-image-carousel swiper-wrapper\">\n\t\t\t\t\t\t\t\t<div class=\"swiper-slide\"><figure class=\"swiper-slide-inner\"><img decoding=\"async\" class=\"swiper-slide-image\" src=\"https:\/\/elmasrya-iec.com\/fr\/wp-content\/uploads\/2022\/05\/L01.png\" alt=\"L01\" \/><\/figure><\/div><div class=\"swiper-slide\"><figure class=\"swiper-slide-inner\"><img decoding=\"async\" class=\"swiper-slide-image\" src=\"https:\/\/elmasrya-iec.com\/fr\/wp-content\/uploads\/2022\/05\/Logo05.png\" alt=\"Logo05\" \/><\/figure><\/div><div class=\"swiper-slide\"><figure class=\"swiper-slide-inner\"><img decoding=\"async\" class=\"swiper-slide-image\" src=\"https:\/\/elmasrya-iec.com\/fr\/wp-content\/uploads\/2022\/05\/Logo04.png\" alt=\"Logo04\" \/><\/figure><\/div><div class=\"swiper-slide\"><figure class=\"swiper-slide-inner\"><img decoding=\"async\" class=\"swiper-slide-image\" src=\"https:\/\/elmasrya-iec.com\/fr\/wp-content\/uploads\/2022\/05\/Logo03.png\" alt=\"Logo03\" \/><\/figure><\/div><div class=\"swiper-slide\"><figure class=\"swiper-slide-inner\"><img decoding=\"async\" class=\"swiper-slide-image\" src=\"https:\/\/elmasrya-iec.com\/fr\/wp-content\/uploads\/2022\/05\/Logo02.png\" alt=\"Logo02\" \/><\/figure><\/div><div class=\"swiper-slide\"><figure class=\"swiper-slide-inner\"><img decoding=\"async\" class=\"swiper-slide-image\" src=\"https:\/\/elmasrya-iec.com\/fr\/wp-content\/uploads\/2022\/05\/Logo01.png\" alt=\"Logo01\" \/><\/figure><\/div><div class=\"swiper-slide\"><figure class=\"swiper-slide-inner\"><img decoding=\"async\" class=\"swiper-slide-image\" src=\"https:\/\/elmasrya-iec.com\/fr\/wp-content\/uploads\/2022\/05\/L11.png\" alt=\"L11\" \/><\/figure><\/div><div class=\"swiper-slide\"><figure class=\"swiper-slide-inner\"><img decoding=\"async\" class=\"swiper-slide-image\" src=\"https:\/\/elmasrya-iec.com\/fr\/wp-content\/uploads\/2022\/05\/L09.png\" alt=\"L09\" \/><\/figure><\/div>\t\t\t<\/div>\n\t\t\t\t\t\t\t\t\t\t\t\t\t\t\t\t<\/div>\n\t\t\t\t<\/div>\n\t\t\t\t<\/div>\n\t\t\t\t\t<\/div>\n\t\t<\/div>\n\t\t\t\t\t\t\t<\/div>\n\t\t<\/section>\n\t\t\t\t<section class=\"elementor-section elementor-top-section elementor-element elementor-element-90e74a0 elementor-section-stretched elementor-section-boxed elementor-section-height-default elementor-section-height-default elementor-invisible\" data-id=\"90e74a0\" data-element_type=\"section\" data-settings=\"{&quot;stretch_section&quot;:&quot;section-stretched&quot;,&quot;animation&quot;:&quot;fadeInUp&quot;}\">\n\t\t\t\t\t\t<div class=\"elementor-container elementor-column-gap-default\">\n\t\t\t\t\t<div class=\"elementor-column elementor-col-100 elementor-top-column elementor-element elementor-element-ef21763\" data-id=\"ef21763\" data-element_type=\"column\">\n\t\t\t<div class=\"elementor-widget-wrap elementor-element-populated\">\n\t\t\t\t\t\t\t\t<section class=\"elementor-section elementor-inner-section elementor-element elementor-element-ae2f9fa elementor-section-content-middle elementor-section-boxed elementor-section-height-default elementor-section-height-default\" data-id=\"ae2f9fa\" data-element_type=\"section\">\n\t\t\t\t\t\t<div class=\"elementor-container elementor-column-gap-no\">\n\t\t\t\t\t<div class=\"elementor-column elementor-col-50 elementor-inner-column elementor-element elementor-element-f284c76\" data-id=\"f284c76\" data-element_type=\"column\">\n\t\t\t<div class=\"elementor-widget-wrap elementor-element-populated\">\n\t\t\t\t\t\t\t\t<div class=\"elementor-element elementor-element-ca6bd72 elementor-widget elementor-widget-image\" data-id=\"ca6bd72\" data-element_type=\"widget\" data-widget_type=\"image.default\">\n\t\t\t\t<div class=\"elementor-widget-container\">\n\t\t\t\t\t\t\t\t\t\t\t\t\t\t\t<img loading=\"lazy\" decoding=\"async\" width=\"580\" height=\"544\" src=\"https:\/\/elmasrya-iec.com\/fr\/wp-content\/uploads\/2022\/04\/04-1024x960.jpg\" class=\"attachment-large size-large\" alt=\"\" srcset=\"https:\/\/elmasrya-iec.com\/fr\/wp-content\/uploads\/2022\/04\/04-1024x960.jpg 1024w, https:\/\/elmasrya-iec.com\/fr\/wp-content\/uploads\/2022\/04\/04-300x281.jpg 300w, https:\/\/elmasrya-iec.com\/fr\/wp-content\/uploads\/2022\/04\/04-768x720.jpg 768w, https:\/\/elmasrya-iec.com\/fr\/wp-content\/uploads\/2022\/04\/04.jpg 1200w\" sizes=\"auto, (max-width: 580px) 100vw, 580px\" \/>\t\t\t\t\t\t\t\t\t\t\t\t\t\t\t<\/div>\n\t\t\t\t<\/div>\n\t\t\t\t\t<\/div>\n\t\t<\/div>\n\t\t\t\t<div class=\"elementor-column elementor-col-50 elementor-inner-column elementor-element elementor-element-54e71ad\" data-id=\"54e71ad\" data-element_type=\"column\" data-settings=\"{&quot;background_background&quot;:&quot;classic&quot;}\">\n\t\t\t<div class=\"elementor-widget-wrap elementor-element-populated\">\n\t\t\t\t\t\t\t\t<div class=\"elementor-element elementor-element-16a4ff1 elementor-widget elementor-widget-heading\" data-id=\"16a4ff1\" data-element_type=\"widget\" data-widget_type=\"heading.default\">\n\t\t\t\t<div class=\"elementor-widget-container\">\n\t\t\t<h2 class=\"elementor-heading-title elementor-size-default\">POURQUOI EL MASRYA ?\n<\/h2>\t\t<\/div>\n\t\t\t\t<\/div>\n\t\t\t\t<div class=\"elementor-element elementor-element-f4a08b6 elementor-widget elementor-widget-text-editor\" data-id=\"f4a08b6\" data-element_type=\"widget\" data-widget_type=\"text-editor.default\">\n\t\t\t\t<div class=\"elementor-widget-container\">\n\t\t\t\t\t\t\tNous avons r\u00e9ussi \u00e0 p\u00e9n\u00e9trer le march\u00e9 avec vigueur, nous sommes fiers d&#8217;\u00eatre l&#8217;un des plus grands fournisseurs de p\u00e9trole en \u00c9gypte.Notre liste de clients s&#8217;agrandit chaque jour, et nous aussi, Nous agrandissons notre si\u00e8ge social et nos entrep\u00f4ts et am\u00e9liorons r\u00e9guli\u00e8rement nos voitures, cr\u00e9ant ainsi un nom r\u00e9put\u00e9 sur un march\u00e9 satur\u00e9.\n\t\t\t\t\t\t<\/div>\n\t\t\t\t<\/div>\n\t\t\t\t\t<\/div>\n\t\t<\/div>\n\t\t\t\t\t\t\t<\/div>\n\t\t<\/section>\n\t\t\t\t\t<\/div>\n\t\t<\/div>\n\t\t\t\t\t\t\t<\/div>\n\t\t<\/section>\n\t\t\t\t\t\t<\/div>\n\t\t\t\t\t<\/div>\n\t\t","protected":false},"excerpt":{"rendered":"<p>\u00c0 propos de nous Nous accompagnons nos clients \u00e0 chaque \u00e9tape du processus d&#8217;am\u00e9lioration de l&#8217;entreprise. NOTRE ENTREPRISE Nous avons une fa\u00e7on unique de travailler \u00e0 El Masrya. C&#8217;est notre syst\u00e8me d&#8217;exploitation d&#8217;\u00e9quipe et c&#8217;est le guide pour accomplir notre mission de mani\u00e8re efficace et productive. Les huit principes de notre syst\u00e8me d&#8217;exploitation fournissent le [&hellip;]<\/p>\n","protected":false},"author":1,"featured_media":0,"parent":0,"menu_order":0,"comment_status":"closed","ping_status":"closed","template":"","meta":{"footnotes":""},"class_list":["post-135","page","type-page","status-publish","hentry"],"_links":{"self":[{"href":"https:\/\/elmasrya-iec.com\/fr\/wp-json\/wp\/v2\/pages\/135","targetHints":{"allow":["GET"]}}],"collection":[{"href":"https:\/\/elmasrya-iec.com\/fr\/wp-json\/wp\/v2\/pages"}],"about":[{"href":"https:\/\/elmasrya-iec.com\/fr\/wp-json\/wp\/v2\/types\/page"}],"author":[{"embeddable":true,"href":"https:\/\/elmasrya-iec.com\/fr\/wp-json\/wp\/v2\/users\/1"}],"replies":[{"embeddable":true,"href":"https:\/\/elmasrya-iec.com\/fr\/wp-json\/wp\/v2\/comments?post=135"}],"version-history":[{"count":46,"href":"https:\/\/elmasrya-iec.com\/fr\/wp-json\/wp\/v2\/pages\/135\/revisions"}],"predecessor-version":[{"id":1045,"href":"https:\/\/elmasrya-iec.com\/fr\/wp-json\/wp\/v2\/pages\/135\/revisions\/1045"}],"wp:attachment":[{"href":"https:\/\/elmasrya-iec.com\/fr\/wp-json\/wp\/v2\/media?parent=135"}],"curies":[{"name":"wp","href":"https:\/\/api.w.org\/{rel}","templated":true}]}}